{"id":3495,"date":"2020-07-16T12:34:50","date_gmt":"2020-07-16T10:34:50","guid":{"rendered":"https:\/\/together-webzine.haulotte.com\/legals\/"},"modified":"2021-01-15T14:54:42","modified_gmt":"2021-01-15T12:54:42","slug":"legals","status":"publish","type":"page","link":"https:\/\/dev.refonte.together-webzine.haulotte.com\/it\/legals\/","title":{"rendered":"Note legali"},"content":{"rendered":"\t\t<div data-elementor-type=\"wp-page\" data-elementor-id=\"3495\" class=\"elementor elementor-3495 elementor-3\" data-elementor-post-type=\"page\">\n\t\t\t\t\t\t<section data-particle_enable=\"false\" data-particle-mobile-disabled=\"false\" class=\"elementor-section elementor-top-section elementor-element elementor-element-36f5ca9 elementor-section-boxed elementor-section-height-default elementor-section-height-default\" data-id=\"36f5ca9\" data-element_type=\"section\" data-e-type=\"section\">\n\t\t\t\t\t\t<div class=\"elementor-container elementor-column-gap-default\">\n\t\t\t\t\t<div class=\"elementor-column elementor-col-100 elementor-top-column elementor-element elementor-element-11e8ad7\" data-id=\"11e8ad7\" data-element_type=\"column\" data-e-type=\"column\">\n\t\t\t<div class=\"elementor-widget-wrap elementor-element-populated\">\n\t\t\t\t\t\t<div class=\"elementor-element elementor-element-10273f8 elementor-widget elementor-widget-text-editor\" data-id=\"10273f8\" data-element_type=\"widget\" data-e-type=\"widget\" data-widget_type=\"text-editor.default\">\n\t\t\t\t<div class=\"elementor-widget-container\">\n\t\t\t\t\t\t\t\t\t<h6><strong>Publishing Director<\/strong>: Alexandre SAUBOT &#8211; <strong>Co-Editors in Chief<\/strong>: St\u00e9phane HUBERT, Philippe NOBLET &#8211; <strong>Managing Editor<\/strong>: Ana SANCHEZ &#8211; <strong>Mockup and Layout<\/strong>: St\u00e9phane GOULOIS, Thibaut FRANCE, Mathilda BOISSEE, Rayan Baghazou &#8211; <strong>The following people helped produce this issue<\/strong>: Fabienne CAPERAA, V\u00e9ronique VOCANSON, Armelle PERROT, Mary GAN, Elisabeth DICKSON, Chris DELCASTILLO, Amber RAISBECK, Franck LHERMET, Claire EMERY, Fr\u00e9d\u00e9ric GONCALVES, Patrice METAIRIE, Paul JENSEN, Daniela BERRONE, Julien MICHELI, R\u00e9mi HEIDELBERGER, B\u00e9renger DUDEK, Hannah HONG, Ludivine BERAUD, Carine PLOTON, Xavier DESHORS, Hubert MOREAU, Harry WANG, Bin PU, Marc SPECQUE, Nils CHENEVOY, Ahmed ERROUISSI, David ALVIANI, Maung Lynn TIN, Lei ZHANG, Didier GRIVEL, Cl\u00e9ment VIAOU\u00cbT, Arnaud COLASSE, Evgueniya SOLOVIOVA, Mathieu PARENT.<\/h6>\n\t\t\t\t\t\t\t\t<\/div>\n\t\t\t\t<\/div>\n\t\t\t\t<div class=\"elementor-element elementor-element-9cf7771 elementor-widget-divider--view-line elementor-widget elementor-widget-divider\" data-id=\"9cf7771\" data-element_type=\"widget\" data-e-type=\"widget\" data-widget_type=\"divider.default\">\n\t\t\t\t<div class=\"elementor-widget-container\">\n\t\t\t\t\t\t\t<div class=\"elementor-divider\">\n\t\t\t<span class=\"elementor-divider-separator\">\n\t\t\t\t\t\t<\/span>\n\t\t<\/div>\n\t\t\t\t\t\t<\/div>\n\t\t\t\t<\/div>\n\t\t\t\t<div class=\"elementor-element elementor-element-af11e6b elementor-widget elementor-widget-text-editor\" data-id=\"af11e6b\" data-element_type=\"widget\" data-e-type=\"widget\" data-widget_type=\"text-editor.default\">\n\t\t\t\t<div class=\"elementor-widget-container\">\n\t\t\t\t\t\t\t\t\t<h2>Rules for the Contest<br \/><strong>&#8221; DRAW ME THE PLATFORM OF THE FUTURE &#8220;<\/strong><\/h2>\n<h4>Article 1 &#8211; Organizer<\/h4>\n<p>Haulotte Group (the &#8220;Company&#8221;), whose head office is located in La P\u00e9ronni\u00e8re, 42152, l&#8217;Horme, is organizing a contest (the &#8220;Contest&#8221;) to:<\/p>\n<ul>\n<li>Company staff and their children,<\/li>\n<li>and the staff of the Company&#8217;s subsidiaries and their children.<\/li>\n<\/ul>\n<h4>Article 2 Purpose<\/h4>\n<p>The object of the Contest is to send, to the address indicated in article 3 below, the drawing of a &#8220;platform of the future&#8221; with complete freedom of imagination.<\/p>\n<p>On the closing date, the drawings received will be subject to a vote by the editorial committee of the TOGETHER webzine and 1 winner will be chosen.<\/p>\n<h4>Article 3 \u2013 Participation<\/h4>\n<p>The people who can participate to the Contest are:<\/p>\n<ul>\n<li>The employees of the Company and its subsidiaries,<\/li>\n<li>as well as Children of employees of the Company and its subsidiaries.<\/li>\n<\/ul>\n<p>Any other person, outside the Haulotte Group, cannot in any way participate in the competition. Each employee can participate by sending several drawings.<\/p>\n<h4>Article 4 &#8211; Operation<\/h4>\n<p>To participate to the competition, participants must send the drawings accompanied by the following information:<\/p>\n<p>The employee&#8217;s surname, first name, the site to which he\/she is attached and his\/her contact details.<\/p>\n<p>Any incomplete participation will be rejected.<\/p>\n<p>Drawings must be sent no later than <strong>15 April 202<\/strong>1 to the following e-mail address: <a href=\"mailto:asanchez@haulotte.com\">contest@haulotte.com<\/a>.<\/p>\n<h4>Article 6 &#8211; Endowment \/ Availability<\/h4>\n<p>This contest will award a Haulotte miniature platform as a gift, which will be sent directly to the winner.<\/p>\n<h4>Article 7 &#8211; Winner&#8217;s vote<\/h4>\n<p>The vote will be carried out by the editorial committee between 16 and 30 April 2021.<\/p>\n<h4>Article 8 &#8211; Proclamation of results and use of works<\/h4>\n<p>The name of the winner will be known and published in the next issue of the internal TOGETHER webzine.<\/p>\n<p>Each participant transfers free of charge to the Company all the rights relating to his design, namely the rights of reproduction, representation, editing and adaptation, in the context of communication, publications and for any commercial use necessary for the activity of the Company without limitation in time.<\/p>\n<p> This assignment of rights is granted worldwide, for the entire legal period of protection of intellectual and industrial property rights and for the use provided above.<\/p>\n<h4>Article 9 &#8211; Modification and cancellation<\/h4>\n<p>The Company reserves the right to modify or cancel the Competition at any time, without having to provide justification and cannot in any case be held responsible for such modification or cancellation. It will then inform all participants by any means.<\/p>\n<h4><strong><u>Article 10 &#8211; Availability of lots<\/u><\/strong><\/h4>\n<p>Rewards cannot be exchanged either in currency or for another reward. The rewards will be made available to the winner <strong>15 days<\/strong> after the vote by the editorial committee.<\/p>\n<h4><strong><u>Article 11 &#8211; Acceptance<\/u><\/strong><\/h4>\n<p>Participation to the Contest implies outright acceptance of these rules. It is completely free and does not imply any obligation of purchase or membership.<\/p>\n<h4>Article 12 &#8211; Protection of personal data<\/h4>\n<p>Participation to the Contest leads to the collection of personal data of the Participants. Personal data collected is mandatory in order to participate in the competition. These data are collected, processed and used in order to carry out and ensure the proper execution of the Contest as well as for the publication and communication of the Company.<\/p>\n<p>The duration of storage by the Organizing Company of data relating to participation in the Contest is limited to 1 year from the end of the competition.<\/p>\n<p>In accordance with the law of January 6, 1978 as amended and the General Regulations on the Protection of Personal Data (GDPR), each participant has the right to access, rectify and delete data concerning him, as well as a right to portability. He also has the right to object to the processing carried out or to request its limitation. <\/p>\n<h4>Article 13 &#8211; Applicable law<\/h4>\n<p>Contest participants declare that they agree to comply with French law with regard to the application of the provisions of these regulations and all their consequences.<\/p>\n<h4>Article 14 &#8211; Regulations<\/h4>\n<p>These rules are available on simple written request addressed to Haulotte Group (address article 1 above) and can be consulted within each Haulotte Group site.<\/p>\n<p>Philippe NOBLET \u2013 Secr\u00e9taire G\u00e9n\u00e9ral<\/p>\n\t\t\t\t\t\t\t\t<\/div>\n\t\t\t\t<\/div>\n\t\t\t\t<div class=\"elementor-element elementor-element-69596da elementor-widget-divider--view-line elementor-widget elementor-widget-divider\" data-id=\"69596da\" data-element_type=\"widget\" data-e-type=\"widget\" data-widget_type=\"divider.default\">\n\t\t\t\t<div class=\"elementor-widget-container\">\n\t\t\t\t\t\t\t<div class=\"elementor-divider\">\n\t\t\t<span class=\"elementor-divider-separator\">\n\t\t\t\t\t\t<\/span>\n\t\t<\/div>\n\t\t\t\t\t\t<\/div>\n\t\t\t\t<\/div>\n\t\t\t\t\t<\/div>\n\t\t<\/div>\n\t\t\t\t\t<\/div>\n\t\t<\/section>\n\t\t\t\t<section data-particle_enable=\"false\" data-particle-mobile-disabled=\"false\" class=\"elementor-section elementor-top-section elementor-element elementor-element-2e66a5fe elementor-section-boxed elementor-section-height-default elementor-section-height-default\" data-id=\"2e66a5fe\" data-element_type=\"section\" data-e-type=\"section\">\n\t\t\t\t\t\t<div class=\"elementor-container elementor-column-gap-default\">\n\t\t\t\t\t<div class=\"elementor-column elementor-col-100 elementor-top-column elementor-element elementor-element-475b33c6\" data-id=\"475b33c6\" data-element_type=\"column\" data-e-type=\"column\">\n\t\t\t<div class=\"elementor-widget-wrap elementor-element-populated\">\n\t\t\t\t\t\t<div class=\"elementor-element elementor-element-58944777 elementor-widget elementor-widget-text-editor\" data-id=\"58944777\" data-element_type=\"widget\" data-e-type=\"widget\" data-widget_type=\"text-editor.default\">\n\t\t\t\t<div class=\"elementor-widget-container\">\n\t\t\t\t\t\t\t\t\t<h1>Who we are<\/h1>\n<p>Our website address is: https:\/\/dev.refonte.together-webzine.haulotte.com.<\/p>\n<h2>What personal data we collect and why we collect it<\/h2>\n<h4>Comments<\/h4>\n<p>When visitors leave comments on the site we collect the data shown in the comments form, and also the visitor\u2019s IP address and browser user agent string to help spam detection.<\/p>\n<p>An anonymized string created from your email address (also called a hash) may be provided to the Gravatar service to see if you are using it. The Gravatar service privacy policy is available here: https:\/\/automattic.com\/privacy\/. After approval of your comment, your profile picture is visible to the public in the context of your comment.<\/p>\n<h4>Media<\/h4>\n<p>If you upload images to the website, you should avoid uploading images with embedded location data (EXIF GPS) included. Visitors to the website can download and extract any location data from images on the website.<\/p>\n<h4>Contact forms<\/h4>\n<h4><\/h4>\n<h4>Cookies<\/h4>\n<p>If you leave a comment on our site you may opt-in to saving your name, email address and website in cookies. These are for your convenience so that you do not have to fill in your details again when you leave another comment. These cookies will last for one year.<\/p>\n<p>If you visit our login page, we will set a temporary cookie to determine if your browser accepts cookies. This cookie contains no personal data and is discarded when you close your browser.<\/p>\n<p>When you log in, we will also set up several cookies to save your login information and your screen display choices. Login cookies last for two days, and screen options cookies last for a year. If you select &#8220;Remember Me&#8221;, your login will persist for two weeks. If you log out of your account, the login cookies will be removed.<\/p>\n<p>If you edit or publish an article, an additional cookie will be saved in your browser. This cookie includes no personal data and simply indicates the post ID of the article you just edited. It expires after 1 day.<\/p>\n<h4>Embedded content from other websites<\/h4>\n<p>Articles on this site may include embedded content (e.g. videos, images, articles, etc.). Embedded content from other websites behaves in the exact same way as if the visitor has visited the other website.<\/p>\n<p>These websites may collect data about you, use cookies, embed additional third-party tracking, and monitor your interaction with that embedded content, including tracking your interaction with the embedded content if you have an account and are logged in to that website.<\/p>\n<h4>Analytics<\/h4>\n<h3>Who we share your data with? How long we retain your data?<\/h3>\n<p>If you leave a comment, the comment and its metadata are retained indefinitely. This is so we can recognize and approve any follow-up comments automatically instead of holding them in a moderation queue.<\/p>\n<p>For users that register on our website (if any), we also store the personal information they provide in their user profile. All users can see, edit, or delete their personal information at any time (except they cannot change their username). Website administrators can also see and edit that information.<\/p>\n<h3>What rights you have over your data?<\/h3>\n<p>If you have an account on this site, or have left comments, you can request to receive an exported file of the personal data we hold about you, including any data you have provided to us. You can also request that we erase any personal data we hold about you. This does not include any data we are obliged to keep for administrative, legal, or security purposes.<\/p>\n<h3>Where we send your data?<\/h3>\n<p>Visitor comments may be checked through an automated spam detection service.<\/p>\n\t\t\t\t\t\t\t\t<\/div>\n\t\t\t\t<\/div>\n\t\t\t\t\t<\/div>\n\t\t<\/div>\n\t\t\t\t\t<\/div>\n\t\t<\/section>\n\t\t\t\t<\/div>\n\t\t","protected":false},"excerpt":{"rendered":"<p>Publishing Director: Alexandre SAUBOT &#8211; Co-Editors in Chief: St\u00e9phane HUBERT, Philippe NOBLET &#8211; Managing Editor: Ana SANCHEZ &#8211; Mockup and Layout: St\u00e9phane GOULOIS, Thibaut FRANCE, Mathilda BOISSEE, Rayan Baghazou &#8211; The following people helped produce this issue: Fabienne CAPERAA, V\u00e9ronique VOCANSON, Armelle PERROT, Mary GAN, Elisabeth DICKSON, Chris DELCASTILLO, Amber RAISBECK, Franck LHERMET, Claire EMERY, [&hellip;]<\/p>\n","protected":false},"author":1,"featured_media":0,"parent":0,"menu_order":100,"comment_status":"closed","ping_status":"closed","template":"elementor_header_footer","meta":{"footnotes":""},"class_list":["post-3495","page","type-page","status-publish","hentry"],"yoast_head":"<!-- This site is optimized with the Yoast SEO plugin v27.4 - https:\/\/yoast.com\/product\/yoast-seo-wordpress\/ -->\n<title>Note legali - Together<\/title>\n<meta name=\"robots\" content=\"noindex, follow, max-snippet:-1, max-image-preview:large, max-video-preview:-1\" \/>\n<meta property=\"og:locale\" content=\"it_IT\" \/>\n<meta property=\"og:type\" content=\"article\" \/>\n<meta property=\"og:title\" content=\"Note legali - Together\" \/>\n<meta property=\"og:description\" content=\"Publishing Director: Alexandre SAUBOT &#8211; Co-Editors in Chief: St\u00e9phane HUBERT, Philippe NOBLET &#8211; Managing Editor: Ana SANCHEZ &#8211; Mockup and Layout: St\u00e9phane GOULOIS, Thibaut FRANCE, Mathilda BOISSEE, Rayan Baghazou &#8211; The following people helped produce this issue: Fabienne CAPERAA, V\u00e9ronique VOCANSON, Armelle PERROT, Mary GAN, Elisabeth DICKSON, Chris DELCASTILLO, Amber RAISBECK, Franck LHERMET, Claire EMERY, [&hellip;]\" \/>\n<meta property=\"og:url\" content=\"https:\/\/dev.refonte.together-webzine.haulotte.com\/it\/legals\/\" \/>\n<meta property=\"og:site_name\" content=\"Together\" \/>\n<meta property=\"article:modified_time\" content=\"2021-01-15T12:54:42+00:00\" \/>\n<meta name=\"twitter:card\" content=\"summary_large_image\" \/>\n<meta name=\"twitter:label1\" content=\"Tempo di lettura stimato\" \/>\n\t<meta name=\"twitter:data1\" content=\"7 minuti\" \/>\n<script type=\"application\/ld+json\" class=\"yoast-schema-graph\">{\"@context\":\"https:\\\/\\\/schema.org\",\"@graph\":[{\"@type\":\"WebPage\",\"@id\":\"https:\\\/\\\/dev.refonte.together-webzine.haulotte.com\\\/it\\\/legals\\\/\",\"url\":\"https:\\\/\\\/dev.refonte.together-webzine.haulotte.com\\\/it\\\/legals\\\/\",\"name\":\"Note legali - Together\",\"isPartOf\":{\"@id\":\"https:\\\/\\\/dev.refonte.together-webzine.haulotte.com\\\/#website\"},\"datePublished\":\"2020-07-16T10:34:50+00:00\",\"dateModified\":\"2021-01-15T12:54:42+00:00\",\"breadcrumb\":{\"@id\":\"https:\\\/\\\/dev.refonte.together-webzine.haulotte.com\\\/it\\\/legals\\\/#breadcrumb\"},\"inLanguage\":\"it-IT\",\"potentialAction\":[{\"@type\":\"ReadAction\",\"target\":[\"https:\\\/\\\/dev.refonte.together-webzine.haulotte.com\\\/it\\\/legals\\\/\"]}]},{\"@type\":\"BreadcrumbList\",\"@id\":\"https:\\\/\\\/dev.refonte.together-webzine.haulotte.com\\\/it\\\/legals\\\/#breadcrumb\",\"itemListElement\":[{\"@type\":\"ListItem\",\"position\":1,\"name\":\"Homepage\",\"item\":\"https:\\\/\\\/dev.refonte.together-webzine.haulotte.com\\\/\"},{\"@type\":\"ListItem\",\"position\":2,\"name\":\"Note legali\"}]},{\"@type\":\"WebSite\",\"@id\":\"https:\\\/\\\/dev.refonte.together-webzine.haulotte.com\\\/#website\",\"url\":\"https:\\\/\\\/dev.refonte.together-webzine.haulotte.com\\\/\",\"name\":\"Together\",\"description\":\"The internal magazine for the Haulotte Group\",\"publisher\":{\"@id\":\"https:\\\/\\\/dev.refonte.together-webzine.haulotte.com\\\/#organization\"},\"potentialAction\":[{\"@type\":\"SearchAction\",\"target\":{\"@type\":\"EntryPoint\",\"urlTemplate\":\"https:\\\/\\\/dev.refonte.together-webzine.haulotte.com\\\/?s={search_term_string}\"},\"query-input\":{\"@type\":\"PropertyValueSpecification\",\"valueRequired\":true,\"valueName\":\"search_term_string\"}}],\"inLanguage\":\"it-IT\"},{\"@type\":\"Organization\",\"@id\":\"https:\\\/\\\/dev.refonte.together-webzine.haulotte.com\\\/#organization\",\"name\":\"Together\",\"url\":\"https:\\\/\\\/dev.refonte.together-webzine.haulotte.com\\\/\",\"logo\":{\"@type\":\"ImageObject\",\"inLanguage\":\"it-IT\",\"@id\":\"https:\\\/\\\/dev.refonte.together-webzine.haulotte.com\\\/#\\\/schema\\\/logo\\\/image\\\/\",\"url\":\"\",\"contentUrl\":\"\",\"caption\":\"Together\"},\"image\":{\"@id\":\"https:\\\/\\\/dev.refonte.together-webzine.haulotte.com\\\/#\\\/schema\\\/logo\\\/image\\\/\"}}]}<\/script>\n<!-- \/ Yoast SEO plugin. -->","yoast_head_json":{"title":"Note legali - Together","robots":{"index":"noindex","follow":"follow","max-snippet":"max-snippet:-1","max-image-preview":"max-image-preview:large","max-video-preview":"max-video-preview:-1"},"og_locale":"it_IT","og_type":"article","og_title":"Note legali - Together","og_description":"Publishing Director: Alexandre SAUBOT &#8211; Co-Editors in Chief: St\u00e9phane HUBERT, Philippe NOBLET &#8211; Managing Editor: Ana SANCHEZ &#8211; Mockup and Layout: St\u00e9phane GOULOIS, Thibaut FRANCE, Mathilda BOISSEE, Rayan Baghazou &#8211; The following people helped produce this issue: Fabienne CAPERAA, V\u00e9ronique VOCANSON, Armelle PERROT, Mary GAN, Elisabeth DICKSON, Chris DELCASTILLO, Amber RAISBECK, Franck LHERMET, Claire EMERY, [&hellip;]","og_url":"https:\/\/dev.refonte.together-webzine.haulotte.com\/it\/legals\/","og_site_name":"Together","article_modified_time":"2021-01-15T12:54:42+00:00","twitter_card":"summary_large_image","twitter_misc":{"Tempo di lettura stimato":"7 minuti"},"schema":{"@context":"https:\/\/schema.org","@graph":[{"@type":"WebPage","@id":"https:\/\/dev.refonte.together-webzine.haulotte.com\/it\/legals\/","url":"https:\/\/dev.refonte.together-webzine.haulotte.com\/it\/legals\/","name":"Note legali - Together","isPartOf":{"@id":"https:\/\/dev.refonte.together-webzine.haulotte.com\/#website"},"datePublished":"2020-07-16T10:34:50+00:00","dateModified":"2021-01-15T12:54:42+00:00","breadcrumb":{"@id":"https:\/\/dev.refonte.together-webzine.haulotte.com\/it\/legals\/#breadcrumb"},"inLanguage":"it-IT","potentialAction":[{"@type":"ReadAction","target":["https:\/\/dev.refonte.together-webzine.haulotte.com\/it\/legals\/"]}]},{"@type":"BreadcrumbList","@id":"https:\/\/dev.refonte.together-webzine.haulotte.com\/it\/legals\/#breadcrumb","itemListElement":[{"@type":"ListItem","position":1,"name":"Homepage","item":"https:\/\/dev.refonte.together-webzine.haulotte.com\/"},{"@type":"ListItem","position":2,"name":"Note legali"}]},{"@type":"WebSite","@id":"https:\/\/dev.refonte.together-webzine.haulotte.com\/#website","url":"https:\/\/dev.refonte.together-webzine.haulotte.com\/","name":"Together","description":"The internal magazine for the Haulotte Group","publisher":{"@id":"https:\/\/dev.refonte.together-webzine.haulotte.com\/#organization"},"potentialAction":[{"@type":"SearchAction","target":{"@type":"EntryPoint","urlTemplate":"https:\/\/dev.refonte.together-webzine.haulotte.com\/?s={search_term_string}"},"query-input":{"@type":"PropertyValueSpecification","valueRequired":true,"valueName":"search_term_string"}}],"inLanguage":"it-IT"},{"@type":"Organization","@id":"https:\/\/dev.refonte.together-webzine.haulotte.com\/#organization","name":"Together","url":"https:\/\/dev.refonte.together-webzine.haulotte.com\/","logo":{"@type":"ImageObject","inLanguage":"it-IT","@id":"https:\/\/dev.refonte.together-webzine.haulotte.com\/#\/schema\/logo\/image\/","url":"","contentUrl":"","caption":"Together"},"image":{"@id":"https:\/\/dev.refonte.together-webzine.haulotte.com\/#\/schema\/logo\/image\/"}}]}},"_links":{"self":[{"href":"https:\/\/dev.refonte.together-webzine.haulotte.com\/it\/wp-json\/wp\/v2\/pages\/3495","targetHints":{"allow":["GET"]}}],"collection":[{"href":"https:\/\/dev.refonte.together-webzine.haulotte.com\/it\/wp-json\/wp\/v2\/pages"}],"about":[{"href":"https:\/\/dev.refonte.together-webzine.haulotte.com\/it\/wp-json\/wp\/v2\/types\/page"}],"author":[{"embeddable":true,"href":"https:\/\/dev.refonte.together-webzine.haulotte.com\/it\/wp-json\/wp\/v2\/users\/1"}],"replies":[{"embeddable":true,"href":"https:\/\/dev.refonte.together-webzine.haulotte.com\/it\/wp-json\/wp\/v2\/comments?post=3495"}],"version-history":[{"count":40,"href":"https:\/\/dev.refonte.together-webzine.haulotte.com\/it\/wp-json\/wp\/v2\/pages\/3495\/revisions"}],"predecessor-version":[{"id":12935,"href":"https:\/\/dev.refonte.together-webzine.haulotte.com\/it\/wp-json\/wp\/v2\/pages\/3495\/revisions\/12935"}],"wp:attachment":[{"href":"https:\/\/dev.refonte.together-webzine.haulotte.com\/it\/wp-json\/wp\/v2\/media?parent=3495"}],"curies":[{"name":"wp","href":"https:\/\/api.w.org\/{rel}","templated":true}]}}