{"id":3494,"date":"2020-06-17T09:30:05","date_gmt":"2020-06-17T07:30:05","guid":{"rendered":"https:\/\/together-webzine.haulotte.com\/privacy-policy\/"},"modified":"2021-01-15T14:56:49","modified_gmt":"2021-01-15T12:56:49","slug":"privacy-policy","status":"publish","type":"page","link":"https:\/\/dev.refonte.together-webzine.haulotte.com\/es\/privacy-policy\/","title":{"rendered":"Mentions L\u00e9gales"},"content":{"rendered":"\t\t<div data-elementor-type=\"wp-page\" data-elementor-id=\"3494\" class=\"elementor elementor-3494 elementor-3\" data-elementor-post-type=\"page\">\n\t\t\t\t\t\t<section data-particle_enable=\"false\" data-particle-mobile-disabled=\"false\" class=\"elementor-section elementor-top-section elementor-element elementor-element-36f5ca9 elementor-section-boxed elementor-section-height-default elementor-section-height-default\" data-id=\"36f5ca9\" data-element_type=\"section\" data-e-type=\"section\">\n\t\t\t\t\t\t<div class=\"elementor-container elementor-column-gap-default\">\n\t\t\t\t\t<div class=\"elementor-column elementor-col-100 elementor-top-column elementor-element elementor-element-11e8ad7\" data-id=\"11e8ad7\" data-element_type=\"column\" data-e-type=\"column\">\n\t\t\t<div class=\"elementor-widget-wrap elementor-element-populated\">\n\t\t\t\t\t\t<div class=\"elementor-element elementor-element-10273f8 elementor-widget elementor-widget-text-editor\" data-id=\"10273f8\" data-element_type=\"widget\" data-e-type=\"widget\" data-widget_type=\"text-editor.default\">\n\t\t\t\t<div class=\"elementor-widget-container\">\n\t\t\t\t\t\t\t\t\t<h6><strong>Publishing Director<\/strong>: Alexandre SAUBOT &#8211; <strong>Co-Editors in Chief<\/strong>: St\u00e9phane HUBERT, Philippe NOBLET &#8211; <strong>Managing Editor<\/strong>: Ana SANCHEZ &#8211; <strong>Mockup and Layout<\/strong>: St\u00e9phane GOULOIS, Thibaut FRANCE, Mathilda BOISSEE, Rayan Baghazou &#8211; <strong>The following people helped produce this issue<\/strong>: Fabienne CAPERAA, V\u00e9ronique VOCANSON, Armelle PERROT, Mary GAN, Elisabeth DICKSON, Chris DELCASTILLO, Amber RAISBECK, Franck LHERMET, Claire EMERY, Fr\u00e9d\u00e9ric GONCALVES, Patrice METAIRIE, Paul JENSEN, Daniela BERRONE, Julien MICHELI, R\u00e9mi HEIDELBERGER, B\u00e9renger DUDEK, Hannah HONG, Ludivine BERAUD, Carine PLOTON, Xavier DESHORS, Hubert MOREAU, Harry WANG, Bin PU, Marc SPECQUE, Nils CHENEVOY, Ahmed ERROUISSI, David ALVIANI, Maung Lynn TIN, Lei ZHANG, Didier GRIVEL, Cl\u00e9ment VIAOU\u00cbT, Arnaud COLASSE, Evgueniya SOLOVIOVA, Mathieu PARENT.<\/h6>\n\t\t\t\t\t\t\t\t<\/div>\n\t\t\t\t<\/div>\n\t\t\t\t<div class=\"elementor-element elementor-element-9cf7771 elementor-widget-divider--view-line elementor-widget elementor-widget-divider\" data-id=\"9cf7771\" data-element_type=\"widget\" data-e-type=\"widget\" data-widget_type=\"divider.default\">\n\t\t\t\t<div class=\"elementor-widget-container\">\n\t\t\t\t\t\t\t<div class=\"elementor-divider\">\n\t\t\t<span class=\"elementor-divider-separator\">\n\t\t\t\t\t\t<\/span>\n\t\t<\/div>\n\t\t\t\t\t\t<\/div>\n\t\t\t\t<\/div>\n\t\t\t\t<div class=\"elementor-element elementor-element-af11e6b elementor-widget elementor-widget-text-editor\" data-id=\"af11e6b\" data-element_type=\"widget\" data-e-type=\"widget\" data-widget_type=\"text-editor.default\">\n\t\t\t\t<div class=\"elementor-widget-container\">\n\t\t\t\t\t\t\t\t\t<h2>R\u00e8glement du jeu concours<br \/><strong>\u00abDESSINE MOI LA NACELLE DU FUTUR <\/strong>\u00ab<\/h2>\n<h4>Article 1 \u2013 Organisateur<\/h4>\n<p>Haulotte Group (la \u00ab Soci\u00e9t\u00e9 \u00bb), dont le si\u00e8ge social est situ\u00e9 \u00e0 la P\u00e9ronni\u00e8re, 42152, l\u2019Horme, organise un jeu concours (le \u00ab Concours \u00bb) \u00e0 destination:<\/p>\n<ul>\n<li>du personnel de la Soci\u00e9t\u00e9 et de leurs enfants et<\/li>\n<li>du personnel des filiales de la Soci\u00e9t\u00e9 et de leurs enfants.<\/li>\n<\/ul>\n<h4>Article 2 Objet<\/h4>\n<p>L\u2019objet du Concours est d\u2019envoyer, \u00e0 l\u2019adresse indiqu\u00e9e \u00e0 l\u2019article 3 ci-dessous, le dessin d\u2019une \u00ab nacelle du futur \u00bb avec une totale libert\u00e9 d\u2019imagination.<\/p>\n<p>A la date de cl\u00f4ture, les dessins re\u00e7us feront l\u2019objet d\u2019un vote par le comit\u00e9 \u00e9ditorial du webzine TOGETHER et 1 gagnant sera d\u00e9sign\u00e9.<\/p>\n<h4>Article 3 \u2013 Participation<\/h4>\n<p>Les personnes pouvant participer au Concours sont :<\/p>\n<ul>\n<li>Les salari\u00e9s de la Soci\u00e9t\u00e9 et de ses filiales, ainsi que<\/li>\n<li>Les enfants des salari\u00e9s de la Soci\u00e9t\u00e9 et de ses filiales.<\/li>\n<\/ul>\n<p>Toute autre personne, ext\u00e9rieure au Groupe Haulotte, ne peut en aucune fa\u00e7on participer au concours. Chaque employ\u00e9 pourra participer en envoyant plusieurs dessins.<\/p>\n<h4>Article 4 \u2013 Fonctionnement<\/h4>\n<p>Pour participer au jeu concours, les participants devront transmettre les dessins accompagn\u00e9s des mentions ci-dessous :<\/p>\n<p>Le nom, pr\u00e9nom du salari\u00e9, le site auquel il est rattach\u00e9 et ses coordonn\u00e9es.<\/p>\n<p>Toute participation incompl\u00e8te sera rejet\u00e9e.<\/p>\n<p>Les dessins doivent \u00eatre envoy\u00e9s au plus tard le <strong>15 Avril 2021 <\/strong>\u00e0 l\u2019adresse mail suivante : <a href=\"mailto:asanchez@haulotte.com\">contest@haulotte.com<\/a><\/p>\n<h4>Article 6 \u2013 Dotation \/ Mise \u00e0 disposition<\/h4>\n<p>Ce concours attribuera une nacelle miniature Haulotte qui sera envoy\u00e9e directement au gagnant.<\/p>\n<h4>Article 7 \u2013 Vote du gagnant<\/h4>\n<p>Le vote sera effectu\u00e9 par le comit\u00e9 \u00e9ditorial entre le 16 et le 30 Avril 2021.<\/p>\n<h4>Article 8 \u2013 Proclamation des r\u00e9sultats et utilisation des \u0153uvres<\/h4>\n<p>Le nom du gagnant sera connu et diffus\u00e9 dans la prochaine parution du webzine interne TOGETHER.<\/p>\n<p>Chaque participant c\u00e8de \u00e0 titre gratuit \u00e0 la Soci\u00e9t\u00e9 la totalit\u00e9 des droits relatifs \u00e0 son dessin, \u00e0 savoir les droits de reproduction, de repr\u00e9sentation, d\u2019\u00e9dition et d\u2019adaptation, dans le cadre de la communication, des publications et pour tout usage commercial n\u00e9cessaire \u00e0 l\u2019activit\u00e9 de la Soci\u00e9t\u00e9 sans limitation dans le temps.<\/p>\n<p> La pr\u00e9sente cession de droits est consentie pour le monde entier, pour toute la dur\u00e9e l\u00e9gale de protection des droits de propri\u00e9t\u00e9 intellectuelle et industrielle et pour l\u2019utilisation pr\u00e9vue ci-dessus.<\/p>\n<h4>Article 9 \u2013 Modification et annulation<\/h4>\n<p>La Soci\u00e9t\u00e9 se r\u00e9serve le droit de modifier ou d&#8217;annuler le Concours \u00e0 tout moment, sans avoir \u00e0 fournir de justification et ne pourra en aucun cas \u00eatre tenue pour responsable pour une telle modification ou annulation. Elle en informera alors l\u2019ensemble des participants par tout moyen.<\/p>\n<h4><strong><u>Article 10 \u2013 disponibilit\u00e9 des lots<\/u><\/strong><\/h4>\n<p>Les lots ne peuvent \u00eatre \u00e9chang\u00e9s ni en monnaie ni contre un autre lot. Les lots seront tenus \u00e0 disposition du gagnan <strong>15 jours<\/strong> apr\u00e8s le vote effectu\u00e9 par le comit\u00e9 \u00e9ditorial.<\/p>\n<h4><strong><u>Article 11 \u2013 Acceptation<\/u><\/strong><\/h4>\n<p>La participation au Concours implique l&#8217;acceptation pure et simple du pr\u00e9sent r\u00e8glement. Elle est enti\u00e8rement gratuite et n&#8217;implique strictement aucune obligation d&#8217;achat ou d&#8217;adh\u00e9sion.<\/p>\n<h4>Article 12 \u2013 Protection des donn\u00e9es personnelles<\/h4>\n<p>La participation au concours conduit \u00e0 la collecte de donn\u00e9es personnelles des Participants. Les donn\u00e9es personnelles recueilles sont obligatoires afin de pouvoir participer au concours. Ces donn\u00e9es sont collect\u00e9es, trait\u00e9es et utilis\u00e9es afin de r\u00e9aliser et veiller \u00e0 la bonne ex\u00e9cution du concours ainsi que pour la publication et la communication de la Soci\u00e9t\u00e9.<\/p>\n<p>La dur\u00e9e de conservation par la Soci\u00e9t\u00e9 organisatrice des donn\u00e9es relatives \u00e0 la participation au concours est limit\u00e9e \u00e0 1 an \u00e0 compter de la fin du concours.<\/p>\n<p>Conform\u00e9ment \u00e0 la loi du 6 janvier 1978 modifi\u00e9e et au R\u00e8glement G\u00e9n\u00e9ral sur la Protection des Donn\u00e9es Personnelles (RGPD), chaque participant dispose d\u2019un droit d\u2019acc\u00e8s, de rectification et de suppression des donn\u00e9es qui le concernent, ainsi que d\u2019un droit \u00e0 la portabilit\u00e9. Il dispose \u00e9galement du droit de s\u2019opposer aux traitements r\u00e9alis\u00e9s ou d\u2019en demander la limitation. <\/p>\n<h4>Article 13 \u2013 Loi applicable<\/h4>\n<p>Les participants au concours d\u00e9clarent accepter de se conformer \u00e0 la l\u00e9gislation fran\u00e7aise quant \u00e0 l&#8217;application des clauses du pr\u00e9sent r\u00e8glement et de toutes leurs cons\u00e9quences.<\/p>\n<h4>Article 14 \u2013 R\u00e8glement<\/h4>\n<p>Le pr\u00e9sent r\u00e8glement est disponible sur simple demande \u00e9crite adress\u00e9e \u00e0 Haulotte Group (adresse article 1 ci-dessus) et pourra \u00eatre consult\u00e9 au sein de chaque site du Groupe Haulotte.<\/p>\n<p>Philippe NOBLET \u2013 Secr\u00e9taire G\u00e9n\u00e9ral<\/p>\n\t\t\t\t\t\t\t\t<\/div>\n\t\t\t\t<\/div>\n\t\t\t\t<div class=\"elementor-element elementor-element-69596da elementor-widget-divider--view-line elementor-widget elementor-widget-divider\" data-id=\"69596da\" data-element_type=\"widget\" data-e-type=\"widget\" data-widget_type=\"divider.default\">\n\t\t\t\t<div class=\"elementor-widget-container\">\n\t\t\t\t\t\t\t<div class=\"elementor-divider\">\n\t\t\t<span class=\"elementor-divider-separator\">\n\t\t\t\t\t\t<\/span>\n\t\t<\/div>\n\t\t\t\t\t\t<\/div>\n\t\t\t\t<\/div>\n\t\t\t\t\t<\/div>\n\t\t<\/div>\n\t\t\t\t\t<\/div>\n\t\t<\/section>\n\t\t\t\t<section data-particle_enable=\"false\" data-particle-mobile-disabled=\"false\" class=\"elementor-section elementor-top-section elementor-element elementor-element-2e66a5fe elementor-section-boxed elementor-section-height-default elementor-section-height-default\" data-id=\"2e66a5fe\" data-element_type=\"section\" data-e-type=\"section\">\n\t\t\t\t\t\t<div class=\"elementor-container elementor-column-gap-default\">\n\t\t\t\t\t<div class=\"elementor-column elementor-col-100 elementor-top-column elementor-element elementor-element-475b33c6\" data-id=\"475b33c6\" data-element_type=\"column\" data-e-type=\"column\">\n\t\t\t<div class=\"elementor-widget-wrap elementor-element-populated\">\n\t\t\t\t\t\t<div class=\"elementor-element elementor-element-58944777 elementor-widget elementor-widget-text-editor\" data-id=\"58944777\" data-element_type=\"widget\" data-e-type=\"widget\" data-widget_type=\"text-editor.default\">\n\t\t\t\t<div class=\"elementor-widget-container\">\n\t\t\t\t\t\t\t\t\t<h1>Who we are<\/h1>\n<p>Our website address is: https:\/\/dev.refonte.together-webzine.haulotte.com.<\/p>\n<h2>What personal data we collect and why we collect it<\/h2>\n<h4>Comments<\/h4>\n<p>When visitors leave comments on the site we collect the data shown in the comments form, and also the visitor\u2019s IP address and browser user agent string to help spam detection.<\/p>\n<p>An anonymized string created from your email address (also called a hash) may be provided to the Gravatar service to see if you are using it. The Gravatar service privacy policy is available here: https:\/\/automattic.com\/privacy\/. After approval of your comment, your profile picture is visible to the public in the context of your comment.<\/p>\n<h4>Media<\/h4>\n<p>If you upload images to the website, you should avoid uploading images with embedded location data (EXIF GPS) included. Visitors to the website can download and extract any location data from images on the website.<\/p>\n<h4>Contact forms<\/h4>\n<h4><\/h4>\n<h4>Cookies<\/h4>\n<p>If you leave a comment on our site you may opt-in to saving your name, email address and website in cookies. These are for your convenience so that you do not have to fill in your details again when you leave another comment. These cookies will last for one year.<\/p>\n<p>If you visit our login page, we will set a temporary cookie to determine if your browser accepts cookies. This cookie contains no personal data and is discarded when you close your browser.<\/p>\n<p>When you log in, we will also set up several cookies to save your login information and your screen display choices. Login cookies last for two days, and screen options cookies last for a year. If you select \u00abRemember Me\u00bb, your login will persist for two weeks. If you log out of your account, the login cookies will be removed.<\/p>\n<p>If you edit or publish an article, an additional cookie will be saved in your browser. This cookie includes no personal data and simply indicates the post ID of the article you just edited. It expires after 1 day.<\/p>\n<h4>Embedded content from other websites<\/h4>\n<p>Articles on this site may include embedded content (e.g. videos, images, articles, etc.). Embedded content from other websites behaves in the exact same way as if the visitor has visited the other website.<\/p>\n<p>These websites may collect data about you, use cookies, embed additional third-party tracking, and monitor your interaction with that embedded content, including tracking your interaction with the embedded content if you have an account and are logged in to that website.<\/p>\n<h4>Analytics<\/h4>\n<h3>Who we share your data with? How long we retain your data?<\/h3>\n<p>If you leave a comment, the comment and its metadata are retained indefinitely. This is so we can recognize and approve any follow-up comments automatically instead of holding them in a moderation queue.<\/p>\n<p>For users that register on our website (if any), we also store the personal information they provide in their user profile. All users can see, edit, or delete their personal information at any time (except they cannot change their username). Website administrators can also see and edit that information.<\/p>\n<h3>What rights you have over your data?<\/h3>\n<p>If you have an account on this site, or have left comments, you can request to receive an exported file of the personal data we hold about you, including any data you have provided to us. You can also request that we erase any personal data we hold about you. This does not include any data we are obliged to keep for administrative, legal, or security purposes.<\/p>\n<h3>Where we send your data?<\/h3>\n<p>Visitor comments may be checked through an automated spam detection service.<\/p>\n\t\t\t\t\t\t\t\t<\/div>\n\t\t\t\t<\/div>\n\t\t\t\t\t<\/div>\n\t\t<\/div>\n\t\t\t\t\t<\/div>\n\t\t<\/section>\n\t\t\t\t<\/div>\n\t\t","protected":false},"excerpt":{"rendered":"<p>Publishing Director: Alexandre SAUBOT &#8211; Co-Editors in Chief: St\u00e9phane HUBERT, Philippe NOBLET &#8211; Managing Editor: Ana SANCHEZ &#8211; Mockup and Layout: St\u00e9phane GOULOIS, Thibaut FRANCE, Mathilda BOISSEE, Rayan Baghazou &#8211; The following people helped produce this issue: Fabienne CAPERAA, V\u00e9ronique VOCANSON, Armelle PERROT, Mary GAN, Elisabeth DICKSON, Chris DELCASTILLO, Amber RAISBECK, Franck LHERMET, Claire EMERY, [&hellip;]<\/p>\n","protected":false},"author":1,"featured_media":0,"parent":0,"menu_order":100,"comment_status":"closed","ping_status":"closed","template":"elementor_header_footer","meta":{"footnotes":""},"class_list":["post-3494","page","type-page","status-publish","hentry"],"yoast_head":"<!-- This site is optimized with the Yoast SEO plugin v27.3 - https:\/\/yoast.com\/product\/yoast-seo-wordpress\/ -->\n<title>Mentions L\u00e9gales - Together<\/title>\n<meta name=\"robots\" content=\"noindex, follow, max-snippet:-1, max-image-preview:large, max-video-preview:-1\" \/>\n<meta property=\"og:locale\" content=\"es_ES\" \/>\n<meta property=\"og:type\" content=\"article\" \/>\n<meta property=\"og:title\" content=\"Mentions L\u00e9gales - Together\" \/>\n<meta property=\"og:description\" content=\"Publishing Director: Alexandre SAUBOT &#8211; Co-Editors in Chief: St\u00e9phane HUBERT, Philippe NOBLET &#8211; Managing Editor: Ana SANCHEZ &#8211; Mockup and Layout: St\u00e9phane GOULOIS, Thibaut FRANCE, Mathilda BOISSEE, Rayan Baghazou &#8211; The following people helped produce this issue: Fabienne CAPERAA, V\u00e9ronique VOCANSON, Armelle PERROT, Mary GAN, Elisabeth DICKSON, Chris DELCASTILLO, Amber RAISBECK, Franck LHERMET, Claire EMERY, [&hellip;]\" \/>\n<meta property=\"og:url\" content=\"https:\/\/dev.refonte.together-webzine.haulotte.com\/es\/privacy-policy\/\" \/>\n<meta property=\"og:site_name\" content=\"Together\" \/>\n<meta property=\"article:modified_time\" content=\"2021-01-15T12:56:49+00:00\" \/>\n<meta name=\"twitter:card\" content=\"summary_large_image\" \/>\n<meta name=\"twitter:label1\" content=\"Tiempo de lectura\" \/>\n\t<meta name=\"twitter:data1\" content=\"7 minutos\" \/>\n<script type=\"application\/ld+json\" class=\"yoast-schema-graph\">{\"@context\":\"https:\\\/\\\/schema.org\",\"@graph\":[{\"@type\":\"WebPage\",\"@id\":\"https:\\\/\\\/dev.refonte.together-webzine.haulotte.com\\\/es\\\/privacy-policy\\\/\",\"url\":\"https:\\\/\\\/dev.refonte.together-webzine.haulotte.com\\\/es\\\/privacy-policy\\\/\",\"name\":\"Mentions L\u00e9gales - Together\",\"isPartOf\":{\"@id\":\"https:\\\/\\\/dev.refonte.together-webzine.haulotte.com\\\/#website\"},\"datePublished\":\"2020-06-17T07:30:05+00:00\",\"dateModified\":\"2021-01-15T12:56:49+00:00\",\"breadcrumb\":{\"@id\":\"https:\\\/\\\/dev.refonte.together-webzine.haulotte.com\\\/es\\\/privacy-policy\\\/#breadcrumb\"},\"inLanguage\":\"es\",\"potentialAction\":[{\"@type\":\"ReadAction\",\"target\":[\"https:\\\/\\\/dev.refonte.together-webzine.haulotte.com\\\/es\\\/privacy-policy\\\/\"]}]},{\"@type\":\"BreadcrumbList\",\"@id\":\"https:\\\/\\\/dev.refonte.together-webzine.haulotte.com\\\/es\\\/privacy-policy\\\/#breadcrumb\",\"itemListElement\":[{\"@type\":\"ListItem\",\"position\":1,\"name\":\"Inicio\",\"item\":\"https:\\\/\\\/dev.refonte.together-webzine.haulotte.com\\\/\"},{\"@type\":\"ListItem\",\"position\":2,\"name\":\"Mentions L\u00e9gales\"}]},{\"@type\":\"WebSite\",\"@id\":\"https:\\\/\\\/dev.refonte.together-webzine.haulotte.com\\\/#website\",\"url\":\"https:\\\/\\\/dev.refonte.together-webzine.haulotte.com\\\/\",\"name\":\"Together\",\"description\":\"The internal magazine for the Haulotte Group\",\"publisher\":{\"@id\":\"https:\\\/\\\/dev.refonte.together-webzine.haulotte.com\\\/#organization\"},\"potentialAction\":[{\"@type\":\"SearchAction\",\"target\":{\"@type\":\"EntryPoint\",\"urlTemplate\":\"https:\\\/\\\/dev.refonte.together-webzine.haulotte.com\\\/?s={search_term_string}\"},\"query-input\":{\"@type\":\"PropertyValueSpecification\",\"valueRequired\":true,\"valueName\":\"search_term_string\"}}],\"inLanguage\":\"es\"},{\"@type\":\"Organization\",\"@id\":\"https:\\\/\\\/dev.refonte.together-webzine.haulotte.com\\\/#organization\",\"name\":\"Together\",\"url\":\"https:\\\/\\\/dev.refonte.together-webzine.haulotte.com\\\/\",\"logo\":{\"@type\":\"ImageObject\",\"inLanguage\":\"es\",\"@id\":\"https:\\\/\\\/dev.refonte.together-webzine.haulotte.com\\\/#\\\/schema\\\/logo\\\/image\\\/\",\"url\":\"\",\"contentUrl\":\"\",\"caption\":\"Together\"},\"image\":{\"@id\":\"https:\\\/\\\/dev.refonte.together-webzine.haulotte.com\\\/#\\\/schema\\\/logo\\\/image\\\/\"}}]}<\/script>\n<!-- \/ Yoast SEO plugin. -->","yoast_head_json":{"title":"Mentions L\u00e9gales - Together","robots":{"index":"noindex","follow":"follow","max-snippet":"max-snippet:-1","max-image-preview":"max-image-preview:large","max-video-preview":"max-video-preview:-1"},"og_locale":"es_ES","og_type":"article","og_title":"Mentions L\u00e9gales - Together","og_description":"Publishing Director: Alexandre SAUBOT &#8211; Co-Editors in Chief: St\u00e9phane HUBERT, Philippe NOBLET &#8211; Managing Editor: Ana SANCHEZ &#8211; Mockup and Layout: St\u00e9phane GOULOIS, Thibaut FRANCE, Mathilda BOISSEE, Rayan Baghazou &#8211; The following people helped produce this issue: Fabienne CAPERAA, V\u00e9ronique VOCANSON, Armelle PERROT, Mary GAN, Elisabeth DICKSON, Chris DELCASTILLO, Amber RAISBECK, Franck LHERMET, Claire EMERY, [&hellip;]","og_url":"https:\/\/dev.refonte.together-webzine.haulotte.com\/es\/privacy-policy\/","og_site_name":"Together","article_modified_time":"2021-01-15T12:56:49+00:00","twitter_card":"summary_large_image","twitter_misc":{"Tiempo de lectura":"7 minutos"},"schema":{"@context":"https:\/\/schema.org","@graph":[{"@type":"WebPage","@id":"https:\/\/dev.refonte.together-webzine.haulotte.com\/es\/privacy-policy\/","url":"https:\/\/dev.refonte.together-webzine.haulotte.com\/es\/privacy-policy\/","name":"Mentions L\u00e9gales - Together","isPartOf":{"@id":"https:\/\/dev.refonte.together-webzine.haulotte.com\/#website"},"datePublished":"2020-06-17T07:30:05+00:00","dateModified":"2021-01-15T12:56:49+00:00","breadcrumb":{"@id":"https:\/\/dev.refonte.together-webzine.haulotte.com\/es\/privacy-policy\/#breadcrumb"},"inLanguage":"es","potentialAction":[{"@type":"ReadAction","target":["https:\/\/dev.refonte.together-webzine.haulotte.com\/es\/privacy-policy\/"]}]},{"@type":"BreadcrumbList","@id":"https:\/\/dev.refonte.together-webzine.haulotte.com\/es\/privacy-policy\/#breadcrumb","itemListElement":[{"@type":"ListItem","position":1,"name":"Inicio","item":"https:\/\/dev.refonte.together-webzine.haulotte.com\/"},{"@type":"ListItem","position":2,"name":"Mentions L\u00e9gales"}]},{"@type":"WebSite","@id":"https:\/\/dev.refonte.together-webzine.haulotte.com\/#website","url":"https:\/\/dev.refonte.together-webzine.haulotte.com\/","name":"Together","description":"The internal magazine for the Haulotte Group","publisher":{"@id":"https:\/\/dev.refonte.together-webzine.haulotte.com\/#organization"},"potentialAction":[{"@type":"SearchAction","target":{"@type":"EntryPoint","urlTemplate":"https:\/\/dev.refonte.together-webzine.haulotte.com\/?s={search_term_string}"},"query-input":{"@type":"PropertyValueSpecification","valueRequired":true,"valueName":"search_term_string"}}],"inLanguage":"es"},{"@type":"Organization","@id":"https:\/\/dev.refonte.together-webzine.haulotte.com\/#organization","name":"Together","url":"https:\/\/dev.refonte.together-webzine.haulotte.com\/","logo":{"@type":"ImageObject","inLanguage":"es","@id":"https:\/\/dev.refonte.together-webzine.haulotte.com\/#\/schema\/logo\/image\/","url":"","contentUrl":"","caption":"Together"},"image":{"@id":"https:\/\/dev.refonte.together-webzine.haulotte.com\/#\/schema\/logo\/image\/"}}]}},"_links":{"self":[{"href":"https:\/\/dev.refonte.together-webzine.haulotte.com\/es\/wp-json\/wp\/v2\/pages\/3494","targetHints":{"allow":["GET"]}}],"collection":[{"href":"https:\/\/dev.refonte.together-webzine.haulotte.com\/es\/wp-json\/wp\/v2\/pages"}],"about":[{"href":"https:\/\/dev.refonte.together-webzine.haulotte.com\/es\/wp-json\/wp\/v2\/types\/page"}],"author":[{"embeddable":true,"href":"https:\/\/dev.refonte.together-webzine.haulotte.com\/es\/wp-json\/wp\/v2\/users\/1"}],"replies":[{"embeddable":true,"href":"https:\/\/dev.refonte.together-webzine.haulotte.com\/es\/wp-json\/wp\/v2\/comments?post=3494"}],"version-history":[{"count":32,"href":"https:\/\/dev.refonte.together-webzine.haulotte.com\/es\/wp-json\/wp\/v2\/pages\/3494\/revisions"}],"predecessor-version":[{"id":12950,"href":"https:\/\/dev.refonte.together-webzine.haulotte.com\/es\/wp-json\/wp\/v2\/pages\/3494\/revisions\/12950"}],"wp:attachment":[{"href":"https:\/\/dev.refonte.together-webzine.haulotte.com\/es\/wp-json\/wp\/v2\/media?parent=3494"}],"curies":[{"name":"wp","href":"https:\/\/api.w.org\/{rel}","templated":true}]}}